{"id":46,"date":"2021-09-13T19:58:03","date_gmt":"2021-09-13T17:58:03","guid":{"rendered":"http:\/\/jakub2.test-instance-user.com\/?page_id=46"},"modified":"2021-11-22T00:25:25","modified_gmt":"2021-11-21T23:25:25","slug":"strona-glowna","status":"publish","type":"page","link":"https:\/\/jakub2.test-instance-user.com\/","title":{"rendered":"Strona g\u0142\u00f3wna"},"content":{"rendered":"\n<div class=\"wp-block-cover has-background-dim\"><img loading=\"lazy\" width=\"1920\" height=\"1080\" class=\"wp-block-cover__image-background wp-image-229\" alt=\"\" src=\"https:\/\/jakub2.test-instance-user.com\/wp-content\/uploads\/2021\/11\/posaidon-mercedes-amg-a45-rs-525-front-3.jpg\" style=\"object-position:100% 2%\" data-object-fit=\"cover\" data-object-position=\"100% 2%\" srcset=\"https:\/\/jakub2.test-instance-user.com\/wp-content\/uploads\/2021\/11\/posaidon-mercedes-amg-a45-rs-525-front-3.jpg 1920w, https:\/\/jakub2.test-instance-user.com\/wp-content\/uploads\/2021\/11\/posaidon-mercedes-amg-a45-rs-525-front-3-300x169.jpg 300w, https:\/\/jakub2.test-instance-user.com\/wp-content\/uploads\/2021\/11\/posaidon-mercedes-amg-a45-rs-525-front-3-1024x576.jpg 1024w, https:\/\/jakub2.test-instance-user.com\/wp-content\/uploads\/2021\/11\/posaidon-mercedes-amg-a45-rs-525-front-3-768x432.jpg 768w, https:\/\/jakub2.test-instance-user.com\/wp-content\/uploads\/2021\/11\/posaidon-mercedes-amg-a45-rs-525-front-3-1536x864.jpg 1536w\" sizes=\"(max-width: 1920px) 100vw, 1920px\" \/><div class=\"wp-block-cover__inner-container\">\n<p><\/p>\n\n\n\n<p><\/p>\n\n\n\n<p style=\"font-size:34px\"><strong>N\u00fcrburgring poligonem nie tylko dla samochod\u00f3w. Kto\u015b zawsze patrzy z g\u00f3ry<\/strong><\/p>\n<\/div><\/div>\n\n\n\n<p class=\"has-medium-font-size\"><strong><strong>Gdzie najlepiej uchwyci\u0107 rywalizuj\u0105ce supersamochody w unikalnej scenerii, je\u015bli nie na legendarnym niemieckim torze wy\u015bcigowym? <\/strong><\/strong><br><strong><strong>Taka mo\u017cliwo\u015b\u0107 to cel przy\u015bwiecaj\u0105cy ca\u0142ej rzeszy operator\u00f3w dron\u00f3w.<\/strong><\/strong><\/p>\n\n\n\n<p>Dron to niesamowite urz\u0105dzenie pozwalaj\u0105ce uwolni\u0107 nasz\u0105 kreatywno\u015b\u0107. Nie zapominajmy jednak <br>o ogromnej odpowiedzialno\u015bci zwi\u0105zanej z ich pilota\u017cem, a z pewno\u015bci\u0105 zostanie nam to wynagrodzone. Niech pierwszy bowiem rzuci kamie\u0144, komu nie marzy\u0142 si\u0119 idealny panning szar\u017cuj\u0105cego bolidu <br>spod znaku byka lub ze stajni czarnego konia\u2026 Oliwy do ognia doda jednak miejsce jakim jest <br>\u201eZielone Piek\u0142o\u201d przy okazji tworz\u0105c mieszank\u0119 wybuchow\u0105, kt\u00f3ra wzbogaci nasze portfolio.<\/p>\n\n\n\n<p>Tor, kt\u00f3ry powsta\u0142 na podobie\u0144stwo trasy wy\u015bcigu Targa Florio otwarto w 1927 roku w\u015br\u00f3d malowniczej okolicy g\u00f3r Eifel na zachodzie Niemiec. Uznawany za miejsce narodzin \u201esrebrnych strza\u0142\u201d Mercedesa <br>i Mekk\u0119 motoryzacji, gdzie ka\u017cdy producent chce przetestowa\u0107 osi\u0105gi swoich modeli.<\/p>\n\n\n\n<div class=\"wp-block-jetpack-tiled-gallery aligncenter is-style-rectangular has-rounded-corners-20\"><div class=\"tiled-gallery__gallery\"><div class=\"tiled-gallery__row\"><div class=\"tiled-gallery__col\" style=\"flex-basis:50.00000%\"><figure class=\"tiled-gallery__item\"><img srcset=\"https:\/\/i2.wp.com\/jakub2.test-instance-user.com\/wp-content\/uploads\/2021\/11\/maxresdefault-2-1024x576.jpg?strip=info&#038;w=600&#038;ssl=1 600w,https:\/\/i2.wp.com\/jakub2.test-instance-user.com\/wp-content\/uploads\/2021\/11\/maxresdefault-2-1024x576.jpg?strip=info&#038;w=900&#038;ssl=1 900w,https:\/\/i2.wp.com\/jakub2.test-instance-user.com\/wp-content\/uploads\/2021\/11\/maxresdefault-2-1024x576.jpg?strip=info&#038;w=1200&#038;ssl=1 1200w,https:\/\/i2.wp.com\/jakub2.test-instance-user.com\/wp-content\/uploads\/2021\/11\/maxresdefault-2-1024x576.jpg?strip=info&#038;w=1280&#038;ssl=1 1280w\" alt=\"\" data-height=\"720\" data-id=\"253\" data-link=\"https:\/\/jakub2.test-instance-user.com\/?attachment_id=253\" data-url=\"https:\/\/jakub2.test-instance-user.com\/wp-content\/uploads\/2021\/11\/maxresdefault-2-1024x576.jpg\" data-width=\"1280\" src=\"https:\/\/i2.wp.com\/jakub2.test-instance-user.com\/wp-content\/uploads\/2021\/11\/maxresdefault-2-1024x576.jpg?ssl=1\" data-amp-layout=\"responsive\"\/><\/figure><\/div><div class=\"tiled-gallery__col\" style=\"flex-basis:50.00000%\"><figure class=\"tiled-gallery__item\"><img srcset=\"https:\/\/i2.wp.com\/jakub2.test-instance-user.com\/wp-content\/uploads\/2021\/11\/516352-2.jpg?strip=info&#038;w=600&#038;ssl=1 600w,https:\/\/i2.wp.com\/jakub2.test-instance-user.com\/wp-content\/uploads\/2021\/11\/516352-2.jpg?strip=info&#038;w=900&#038;ssl=1 900w,https:\/\/i2.wp.com\/jakub2.test-instance-user.com\/wp-content\/uploads\/2021\/11\/516352-2.jpg?strip=info&#038;w=1024&#038;ssl=1 1024w\" alt=\"\" data-height=\"576\" data-id=\"277\" data-link=\"https:\/\/jakub2.test-instance-user.com\/?attachment_id=277\" data-url=\"https:\/\/jakub2.test-instance-user.com\/wp-content\/uploads\/2021\/11\/516352-2.jpg\" data-width=\"1024\" src=\"https:\/\/i2.wp.com\/jakub2.test-instance-user.com\/wp-content\/uploads\/2021\/11\/516352-2.jpg?ssl=1\" data-amp-layout=\"responsive\"\/><\/figure><\/div><\/div><div class=\"tiled-gallery__row\"><div class=\"tiled-gallery__col\" style=\"flex-basis:39.04768%\"><figure class=\"tiled-gallery__item\"><img srcset=\"https:\/\/i2.wp.com\/jakub2.test-instance-user.com\/wp-content\/uploads\/2021\/11\/GTWCh-3h-Nurburgring-Start-2.jpg?strip=info&#038;w=600&#038;ssl=1 600w,https:\/\/i2.wp.com\/jakub2.test-instance-user.com\/wp-content\/uploads\/2021\/11\/GTWCh-3h-Nurburgring-Start-2.jpg?strip=info&#038;w=900&#038;ssl=1 900w,https:\/\/i2.wp.com\/jakub2.test-instance-user.com\/wp-content\/uploads\/2021\/11\/GTWCh-3h-Nurburgring-Start-2.jpg?strip=info&#038;w=1000&#038;ssl=1 1000w\" alt=\"\" data-height=\"600\" data-id=\"254\" data-link=\"https:\/\/jakub2.test-instance-user.com\/?attachment_id=254\" data-url=\"https:\/\/jakub2.test-instance-user.com\/wp-content\/uploads\/2021\/11\/GTWCh-3h-Nurburgring-Start-2.jpg\" data-width=\"1000\" src=\"https:\/\/i2.wp.com\/jakub2.test-instance-user.com\/wp-content\/uploads\/2021\/11\/GTWCh-3h-Nurburgring-Start-2.jpg?ssl=1\" data-amp-layout=\"responsive\"\/><\/figure><figure class=\"tiled-gallery__item\"><img srcset=\"https:\/\/i0.wp.com\/jakub2.test-instance-user.com\/wp-content\/uploads\/2021\/11\/40931887205_af426a1307_b-1.jpg?strip=info&#038;w=600&#038;ssl=1 600w,https:\/\/i0.wp.com\/jakub2.test-instance-user.com\/wp-content\/uploads\/2021\/11\/40931887205_af426a1307_b-1.jpg?strip=info&#038;w=900&#038;ssl=1 900w,https:\/\/i0.wp.com\/jakub2.test-instance-user.com\/wp-content\/uploads\/2021\/11\/40931887205_af426a1307_b-1.jpg?strip=info&#038;w=1024&#038;ssl=1 1024w\" alt=\"\" data-height=\"576\" data-id=\"267\" data-link=\"https:\/\/jakub2.test-instance-user.com\/?attachment_id=267\" data-url=\"https:\/\/jakub2.test-instance-user.com\/wp-content\/uploads\/2021\/11\/40931887205_af426a1307_b-1.jpg\" data-width=\"1024\" src=\"https:\/\/i0.wp.com\/jakub2.test-instance-user.com\/wp-content\/uploads\/2021\/11\/40931887205_af426a1307_b-1.jpg?ssl=1\" data-amp-layout=\"responsive\"\/><\/figure><\/div><div class=\"tiled-gallery__col\" style=\"flex-basis:60.95232%\"><figure class=\"tiled-gallery__item\"><img srcset=\"https:\/\/i1.wp.com\/jakub2.test-instance-user.com\/wp-content\/uploads\/2021\/11\/DJI_0080-2-1024x768.jpg?strip=info&#038;w=600&#038;ssl=1 600w,https:\/\/i1.wp.com\/jakub2.test-instance-user.com\/wp-content\/uploads\/2021\/11\/DJI_0080-2-1024x768.jpg?strip=info&#038;w=900&#038;ssl=1 900w,https:\/\/i1.wp.com\/jakub2.test-instance-user.com\/wp-content\/uploads\/2021\/11\/DJI_0080-2-1024x768.jpg?strip=info&#038;w=1200&#038;ssl=1 1200w,https:\/\/i1.wp.com\/jakub2.test-instance-user.com\/wp-content\/uploads\/2021\/11\/DJI_0080-2-1024x768.jpg?strip=info&#038;w=1500&#038;ssl=1 1500w,https:\/\/i1.wp.com\/jakub2.test-instance-user.com\/wp-content\/uploads\/2021\/11\/DJI_0080-2-1024x768.jpg?strip=info&#038;w=1800&#038;ssl=1 1800w,https:\/\/i1.wp.com\/jakub2.test-instance-user.com\/wp-content\/uploads\/2021\/11\/DJI_0080-2-1024x768.jpg?strip=info&#038;w=2000&#038;ssl=1 2000w\" alt=\"\" data-height=\"1920\" data-id=\"268\" data-link=\"https:\/\/jakub2.test-instance-user.com\/?attachment_id=268\" data-url=\"https:\/\/jakub2.test-instance-user.com\/wp-content\/uploads\/2021\/11\/DJI_0080-2-1024x768.jpg\" data-width=\"2560\" src=\"https:\/\/i1.wp.com\/jakub2.test-instance-user.com\/wp-content\/uploads\/2021\/11\/DJI_0080-2-1024x768.jpg?ssl=1\" data-amp-layout=\"responsive\"\/><\/figure><\/div><\/div><\/div><\/div>\n\n\n\n<p>Jego wyj\u0105tkowa panorama i wszechobecne sportowe samochody przyci\u0105gaj\u0105 droniarzy niczym magnes, <br>co dla w\u0142adz N\u00fcrburgringu sta\u0142o si\u0119 nieco k\u0142opotliwe. Rosn\u0105ca popularno\u015b\u0107 bezza\u0142ogowc\u00f3w i stosunkowo niski pr\u00f3g wej\u015bcia do tego ekscytuj\u0105cego kr\u0119gu, przyci\u0105gn\u0105\u0142 grono nieodpowiedzialnych amator\u00f3w pragn\u0105cych pozna\u0107 \u015bwiat z innej perspektywy, zupe\u0142nie nie zwa\u017caj\u0105c na poruszaj\u0105cych si\u0119 po torze kierowc\u00f3w. Tor sam w sobie jest niezwykle trudny i wymagaj\u0105cy, a lataj\u0105ce nad samochodami drony <br>jeszcze bardziej utrudniaj\u0105 jego pokonanie.\u00a0<\/p>\n\n\n\n<p>Dzi\u015b do wykonywania legalnych lot\u00f3w nad N\u00fcrburgringiem nie wystarczy ju\u017c tylko rejestracja urz\u0105dzenia <br>w systemie i stosowanie si\u0119 do przepis\u00f3w Europejskiej Agencji Bezpiecze\u0144stwa Lotniczego (EASA). Jeste\u015bmy tak\u017ce zobowi\u0105zani do skontaktowania si\u0119 z biurem toru i przedstawieniem planu misji <br>oraz obligatoryjnego ubezpieczenia OC naszej maszyny (mo\u017cliwy zakup jednodniowej polisy), <br>na co najmniej 5 dni roboczych przed wskazan\u0105 dat\u0105 startu.\u00a0<\/p>\n\n\n\n<p>W przypadku akceptacji wniosku, otrzymamy powiadomienie z poleceniem osobistego stawienia si\u0119 <br>w biurze, gdzie po ostatecznym zapoznaniu si\u0119 z regulacjami prawnymi uzyskamy imienny identyfikator finalnie potwierdzaj\u0105cy zezwolenie na wykonanie lotu.<\/p>\n\n\n\n<div class=\"wp-block-jetpack-tiled-gallery aligncenter is-style-columns has-rounded-corners-20\"><div class=\"tiled-gallery__gallery\"><div class=\"tiled-gallery__row\"><div class=\"tiled-gallery__col\" style=\"flex-basis:26.11499%\"><figure class=\"tiled-gallery__item\"><a href=\"https:\/\/i1.wp.com\/jakub2.test-instance-user.com\/wp-content\/uploads\/2021\/11\/DJI_0095-1-1024x768.jpg?ssl=1\"><img srcset=\"https:\/\/i1.wp.com\/jakub2.test-instance-user.com\/wp-content\/uploads\/2021\/11\/DJI_0095-1-1024x768.jpg?strip=info&#038;w=600&#038;ssl=1 600w,https:\/\/i1.wp.com\/jakub2.test-instance-user.com\/wp-content\/uploads\/2021\/11\/DJI_0095-1-1024x768.jpg?strip=info&#038;w=900&#038;ssl=1 900w,https:\/\/i1.wp.com\/jakub2.test-instance-user.com\/wp-content\/uploads\/2021\/11\/DJI_0095-1-1024x768.jpg?strip=info&#038;w=1200&#038;ssl=1 1200w,https:\/\/i1.wp.com\/jakub2.test-instance-user.com\/wp-content\/uploads\/2021\/11\/DJI_0095-1-1024x768.jpg?strip=info&#038;w=1500&#038;ssl=1 1500w,https:\/\/i1.wp.com\/jakub2.test-instance-user.com\/wp-content\/uploads\/2021\/11\/DJI_0095-1-1024x768.jpg?strip=info&#038;w=1800&#038;ssl=1 1800w,https:\/\/i1.wp.com\/jakub2.test-instance-user.com\/wp-content\/uploads\/2021\/11\/DJI_0095-1-1024x768.jpg?strip=info&#038;w=2000&#038;ssl=1 2000w\" alt=\"\" data-height=\"1920\" data-id=\"269\" data-link=\"https:\/\/jakub2.test-instance-user.com\/?attachment_id=269\" data-url=\"https:\/\/jakub2.test-instance-user.com\/wp-content\/uploads\/2021\/11\/DJI_0095-1-1024x768.jpg\" data-width=\"2560\" src=\"https:\/\/i1.wp.com\/jakub2.test-instance-user.com\/wp-content\/uploads\/2021\/11\/DJI_0095-1-1024x768.jpg?ssl=1\" data-amp-layout=\"responsive\"\/><\/a><\/figure><figure class=\"tiled-gallery__item\"><a href=\"https:\/\/i1.wp.com\/jakub2.test-instance-user.com\/wp-content\/uploads\/2021\/11\/5f9c00bea199500a255a609e-ferrari-488-gt3-evo-2020-24h-nurburgring-race-cover-1.jpeg?ssl=1\"><img srcset=\"https:\/\/i1.wp.com\/jakub2.test-instance-user.com\/wp-content\/uploads\/2021\/11\/5f9c00bea199500a255a609e-ferrari-488-gt3-evo-2020-24h-nurburgring-race-cover-1.jpeg?strip=info&#038;w=600&#038;ssl=1 600w,https:\/\/i1.wp.com\/jakub2.test-instance-user.com\/wp-content\/uploads\/2021\/11\/5f9c00bea199500a255a609e-ferrari-488-gt3-evo-2020-24h-nurburgring-race-cover-1.jpeg?strip=info&#038;w=900&#038;ssl=1 900w,https:\/\/i1.wp.com\/jakub2.test-instance-user.com\/wp-content\/uploads\/2021\/11\/5f9c00bea199500a255a609e-ferrari-488-gt3-evo-2020-24h-nurburgring-race-cover-1.jpeg?strip=info&#038;w=970&#038;ssl=1 970w\" alt=\"\" data-height=\"500\" data-id=\"271\" data-link=\"https:\/\/jakub2.test-instance-user.com\/?attachment_id=271\" data-url=\"https:\/\/jakub2.test-instance-user.com\/wp-content\/uploads\/2021\/11\/5f9c00bea199500a255a609e-ferrari-488-gt3-evo-2020-24h-nurburgring-race-cover-1.jpeg\" data-width=\"970\" src=\"https:\/\/i1.wp.com\/jakub2.test-instance-user.com\/wp-content\/uploads\/2021\/11\/5f9c00bea199500a255a609e-ferrari-488-gt3-evo-2020-24h-nurburgring-race-cover-1.jpeg?ssl=1\" data-amp-layout=\"responsive\"\/><\/a><\/figure><figure class=\"tiled-gallery__item\"><a href=\"https:\/\/i0.wp.com\/jakub2.test-instance-user.com\/wp-content\/uploads\/2021\/11\/5dcbfacc583a0f79bf1d7810-2.jpg?ssl=1\"><img srcset=\"https:\/\/i0.wp.com\/jakub2.test-instance-user.com\/wp-content\/uploads\/2021\/11\/5dcbfacc583a0f79bf1d7810-2.jpg?strip=info&#038;w=600&#038;ssl=1 600w,https:\/\/i0.wp.com\/jakub2.test-instance-user.com\/wp-content\/uploads\/2021\/11\/5dcbfacc583a0f79bf1d7810-2.jpg?strip=info&#038;w=846&#038;ssl=1 846w\" alt=\"\" data-height=\"423\" data-id=\"272\" data-link=\"https:\/\/jakub2.test-instance-user.com\/?attachment_id=272\" data-url=\"https:\/\/jakub2.test-instance-user.com\/wp-content\/uploads\/2021\/11\/5dcbfacc583a0f79bf1d7810-2.jpg\" data-width=\"846\" src=\"https:\/\/i0.wp.com\/jakub2.test-instance-user.com\/wp-content\/uploads\/2021\/11\/5dcbfacc583a0f79bf1d7810-2.jpg?ssl=1\" data-amp-layout=\"responsive\"\/><\/a><\/figure><\/div><div class=\"tiled-gallery__col\" style=\"flex-basis:34.73556%\"><figure class=\"tiled-gallery__item\"><a href=\"https:\/\/i1.wp.com\/jakub2.test-instance-user.com\/wp-content\/uploads\/2021\/11\/742772-1.jpg?ssl=1\"><img srcset=\"https:\/\/i1.wp.com\/jakub2.test-instance-user.com\/wp-content\/uploads\/2021\/11\/742772-1.jpg?strip=info&#038;w=600&#038;ssl=1 600w,https:\/\/i1.wp.com\/jakub2.test-instance-user.com\/wp-content\/uploads\/2021\/11\/742772-1.jpg?strip=info&#038;w=840&#038;ssl=1 840w\" alt=\"\" data-height=\"560\" data-id=\"273\" data-link=\"https:\/\/jakub2.test-instance-user.com\/?attachment_id=273\" data-url=\"https:\/\/jakub2.test-instance-user.com\/wp-content\/uploads\/2021\/11\/742772-1.jpg\" data-width=\"840\" src=\"https:\/\/i1.wp.com\/jakub2.test-instance-user.com\/wp-content\/uploads\/2021\/11\/742772-1.jpg?ssl=1\" data-amp-layout=\"responsive\"\/><\/a><\/figure><figure class=\"tiled-gallery__item\"><a href=\"https:\/\/i1.wp.com\/jakub2.test-instance-user.com\/wp-content\/uploads\/2021\/11\/Ferrari-599XX-at-Nurburgring-2.jpg?ssl=1\"><img srcset=\"https:\/\/i1.wp.com\/jakub2.test-instance-user.com\/wp-content\/uploads\/2021\/11\/Ferrari-599XX-at-Nurburgring-2.jpg?strip=info&#038;w=600&#038;ssl=1 600w,https:\/\/i1.wp.com\/jakub2.test-instance-user.com\/wp-content\/uploads\/2021\/11\/Ferrari-599XX-at-Nurburgring-2.jpg?strip=info&#038;w=720&#038;ssl=1 720w\" alt=\"\" data-height=\"480\" data-id=\"274\" data-link=\"https:\/\/jakub2.test-instance-user.com\/?attachment_id=274\" data-url=\"https:\/\/jakub2.test-instance-user.com\/wp-content\/uploads\/2021\/11\/Ferrari-599XX-at-Nurburgring-2.jpg\" data-width=\"720\" src=\"https:\/\/i1.wp.com\/jakub2.test-instance-user.com\/wp-content\/uploads\/2021\/11\/Ferrari-599XX-at-Nurburgring-2.jpg?ssl=1\" data-amp-layout=\"responsive\"\/><\/a><\/figure><\/div><div class=\"tiled-gallery__col\" style=\"flex-basis:39.14945%\"><figure class=\"tiled-gallery__item\"><a href=\"https:\/\/i0.wp.com\/jakub2.test-instance-user.com\/wp-content\/uploads\/2021\/11\/MG_2489-copia-1.jpg?ssl=1\"><img srcset=\"https:\/\/i0.wp.com\/jakub2.test-instance-user.com\/wp-content\/uploads\/2021\/11\/MG_2489-copia-1.jpg?strip=info&#038;w=600&#038;ssl=1 600w,https:\/\/i0.wp.com\/jakub2.test-instance-user.com\/wp-content\/uploads\/2021\/11\/MG_2489-copia-1.jpg?strip=info&#038;w=900&#038;ssl=1 900w,https:\/\/i0.wp.com\/jakub2.test-instance-user.com\/wp-content\/uploads\/2021\/11\/MG_2489-copia-1.jpg?strip=info&#038;w=901&#038;ssl=1 901w\" alt=\"\" data-height=\"600\" data-id=\"275\" data-link=\"https:\/\/jakub2.test-instance-user.com\/?attachment_id=275\" data-url=\"https:\/\/jakub2.test-instance-user.com\/wp-content\/uploads\/2021\/11\/MG_2489-copia-1.jpg\" data-width=\"901\" src=\"https:\/\/i0.wp.com\/jakub2.test-instance-user.com\/wp-content\/uploads\/2021\/11\/MG_2489-copia-1.jpg?ssl=1\" data-amp-layout=\"responsive\"\/><\/a><\/figure><figure class=\"tiled-gallery__item\"><a href=\"https:\/\/i2.wp.com\/jakub2.test-instance-user.com\/wp-content\/uploads\/2021\/11\/aventador-svj-rekord-1-e1532946118234-2.jpg?ssl=1\"><img srcset=\"https:\/\/i2.wp.com\/jakub2.test-instance-user.com\/wp-content\/uploads\/2021\/11\/aventador-svj-rekord-1-e1532946118234-2.jpg?strip=info&#038;w=600&#038;ssl=1 600w,https:\/\/i2.wp.com\/jakub2.test-instance-user.com\/wp-content\/uploads\/2021\/11\/aventador-svj-rekord-1-e1532946118234-2.jpg?strip=info&#038;w=900&#038;ssl=1 900w,https:\/\/i2.wp.com\/jakub2.test-instance-user.com\/wp-content\/uploads\/2021\/11\/aventador-svj-rekord-1-e1532946118234-2.jpg?strip=info&#038;w=960&#038;ssl=1 960w\" alt=\"\" data-height=\"494\" data-id=\"278\" data-link=\"https:\/\/jakub2.test-instance-user.com\/?attachment_id=278\" data-url=\"https:\/\/jakub2.test-instance-user.com\/wp-content\/uploads\/2021\/11\/aventador-svj-rekord-1-e1532946118234-2.jpg\" data-width=\"960\" src=\"https:\/\/i2.wp.com\/jakub2.test-instance-user.com\/wp-content\/uploads\/2021\/11\/aventador-svj-rekord-1-e1532946118234-2.jpg?ssl=1\" data-amp-layout=\"responsive\"\/><\/a><\/figure><\/div><\/div><\/div><\/div>\n\n\n\n<p><\/p>\n","protected":false},"excerpt":{"rendered":"<p>Gdzie najlepiej uchwyci\u0107 rywalizuj\u0105ce supersamochody w unikalnej scenerii, je\u015bli nie na legendarnym niemieckim torze wy\u015bcigowym? Taka mo\u017cliwo\u015b\u0107 to cel przy\u015bwiecaj\u0105cy ca\u0142ej rzeszy operator\u00f3w dron\u00f3w. Dron to niesamowite urz\u0105dzenie pozwalaj\u0105ce uwolni\u0107 nasz\u0105 kreatywno\u015b\u0107. Nie zapominajmy jednak o ogromnej odpowiedzialno\u015bci zwi\u0105zanej z ich pilota\u017cem, a z pewno\u015bci\u0105 zostanie nam to wynagrodzone. Niech pierwszy bowiem rzuci kamie\u0144, komu<span class=\"dots\"> &hellip; <\/span><span class=\"link-more\"><a href=\"https:\/\/jakub2.test-instance-user.com\/\" class=\"more-link\">Read more <span class=\"screen-reader-text\">&#8222;Strona g\u0142\u00f3wna&#8221;<\/span><\/a><\/span><\/p>\n","protected":false},"author":1,"featured_media":0,"parent":0,"menu_order":0,"comment_status":"closed","ping_status":"closed","template":"","meta":{"spay_email":""},"_links":{"self":[{"href":"https:\/\/jakub2.test-instance-user.com\/index.php?rest_route=\/wp\/v2\/pages\/46"}],"collection":[{"href":"https:\/\/jakub2.test-instance-user.com\/index.php?rest_route=\/wp\/v2\/pages"}],"about":[{"href":"https:\/\/jakub2.test-instance-user.com\/index.php?rest_route=\/wp\/v2\/types\/page"}],"author":[{"embeddable":true,"href":"https:\/\/jakub2.test-instance-user.com\/index.php?rest_route=\/wp\/v2\/users\/1"}],"replies":[{"embeddable":true,"href":"https:\/\/jakub2.test-instance-user.com\/index.php?rest_route=%2Fwp%2Fv2%2Fcomments&post=46"}],"version-history":[{"count":49,"href":"https:\/\/jakub2.test-instance-user.com\/index.php?rest_route=\/wp\/v2\/pages\/46\/revisions"}],"predecessor-version":[{"id":294,"href":"https:\/\/jakub2.test-instance-user.com\/index.php?rest_route=\/wp\/v2\/pages\/46\/revisions\/294"}],"wp:attachment":[{"href":"https:\/\/jakub2.test-instance-user.com\/index.php?rest_route=%2Fwp%2Fv2%2Fmedia&parent=46"}],"curies":[{"name":"wp","href":"https:\/\/api.w.org\/{rel}","templated":true}]}}